{"id":66,"date":"2022-12-01T15:13:39","date_gmt":"2022-12-01T14:13:39","guid":{"rendered":"https:\/\/medtracs.eu\/?page_id=66"},"modified":"2023-01-08T11:07:47","modified_gmt":"2023-01-08T10:07:47","slug":"privacy-policy","status":"publish","type":"page","link":"https:\/\/medtracs.eu\/hu\/privacy-policy\/","title":{"rendered":"Adatkezel\u00e9si t\u00e1j\u00e9koztat\u00f3"},"content":{"rendered":"<div data-elementor-type=\"wp-page\" data-elementor-id=\"66\" class=\"elementor elementor-66\" data-elementor-post-type=\"page\">\n\t\t\t\t<div class=\"elementor-element elementor-element-7f821f6 e-flex e-con-boxed e-con e-parent\" data-id=\"7f821f6\" data-element_type=\"container\" data-e-type=\"container\" data-settings=\"{&quot;background_background&quot;:&quot;classic&quot;,&quot;_ob_use_container_extras&quot;:&quot;no&quot;,&quot;_ob_column_hoveranimator&quot;:&quot;no&quot;,&quot;_ob_glider_is_slider&quot;:&quot;no&quot;,&quot;_ob_column_has_pseudo&quot;:&quot;no&quot;}\">\n\t\t\t\t\t<div class=\"e-con-inner\">\n\t\t\t\t<div class=\"elementor-element elementor-element-cd279ed ob-harakiri-inherit ob-has-background-overlay elementor-widget elementor-widget-heading\" data-id=\"cd279ed\" data-element_type=\"widget\" data-e-type=\"widget\" data-settings=\"{&quot;_ob_use_harakiri&quot;:&quot;yes&quot;,&quot;_ob_harakiri_writing_mode&quot;:&quot;inherit&quot;,&quot;_ob_harakiri_text_clip&quot;:&quot;none&quot;,&quot;_ob_widget_stalker_use&quot;:&quot;no&quot;,&quot;_ob_poopart_use&quot;:&quot;yes&quot;,&quot;_ob_shadough_use&quot;:&quot;no&quot;,&quot;_ob_allow_hoveranimator&quot;:&quot;no&quot;}\" data-widget_type=\"heading.default\">\n\t\t\t\t<div class=\"elementor-widget-container\">\n\t\t\t\t\t<h2 class=\"elementor-heading-title elementor-size-default\">Adatkezel\u00e9si t\u00e1j\u00e9koztat\u00f3<\/h2>\t\t\t\t<\/div>\n\t\t\t\t<\/div>\n\t\t\t\t\t<\/div>\n\t\t\t\t<\/div>\n\t\t<div class=\"elementor-element elementor-element-2e99e54 e-flex e-con-boxed e-con e-parent\" data-id=\"2e99e54\" data-element_type=\"container\" data-e-type=\"container\" data-settings=\"{&quot;_ob_use_container_extras&quot;:&quot;no&quot;,&quot;_ob_column_hoveranimator&quot;:&quot;no&quot;,&quot;_ob_glider_is_slider&quot;:&quot;no&quot;,&quot;_ob_column_has_pseudo&quot;:&quot;no&quot;}\">\n\t\t\t\t\t<div class=\"e-con-inner\">\n\t\t\t\t<div class=\"elementor-element elementor-element-87aac78 ob-harakiri-inherit ob-has-background-overlay elementor-widget elementor-widget-text-editor\" data-id=\"87aac78\" data-element_type=\"widget\" data-e-type=\"widget\" data-settings=\"{&quot;_ob_use_harakiri&quot;:&quot;yes&quot;,&quot;_ob_harakiri_writing_mode&quot;:&quot;inherit&quot;,&quot;_ob_postman_use&quot;:&quot;no&quot;,&quot;_ob_widget_stalker_use&quot;:&quot;no&quot;,&quot;_ob_poopart_use&quot;:&quot;yes&quot;,&quot;_ob_shadough_use&quot;:&quot;no&quot;,&quot;_ob_allow_hoveranimator&quot;:&quot;no&quot;}\" data-no-translation=\"\" data-widget_type=\"text-editor.default\">\n\t\t\t\t<div class=\"elementor-widget-container\">\n\t\t\t\t\t<style>.elementor-element-87aac78{display:none !important}<\/style>\t\t\t\t<\/div>\n\t\t\t\t<\/div>\n\t\t\t\t<div class=\"elementor-element elementor-element-6670f0e ob-harakiri-inherit ob-has-background-overlay elementor-widget elementor-widget-text-editor\" data-id=\"6670f0e\" data-element_type=\"widget\" data-e-type=\"widget\" data-settings=\"{&quot;_ob_use_harakiri&quot;:&quot;yes&quot;,&quot;_ob_harakiri_writing_mode&quot;:&quot;inherit&quot;,&quot;_ob_postman_use&quot;:&quot;no&quot;,&quot;_ob_widget_stalker_use&quot;:&quot;no&quot;,&quot;_ob_poopart_use&quot;:&quot;yes&quot;,&quot;_ob_shadough_use&quot;:&quot;no&quot;,&quot;_ob_allow_hoveranimator&quot;:&quot;no&quot;}\" data-no-translation=\"\" data-widget_type=\"text-editor.default\">\n\t\t\t\t<div class=\"elementor-widget-container\">\n\t\t\t\t\t\t\t\t\t<p>A Szeged Software Zrt \u00e9s az Optima.Systems Sp. z o.o. a legnagyobb gondoss\u00e1ggal biztos\u00edtja a\u00a0<b>MedTracS<\/b>\u00a0webhelyeket haszn\u00e1l\u00f3 jelenlegi \u00e9s potenci\u00e1lis \u00fcgyfelek szem\u00e9lyes adatainak v\u00e9delm\u00e9t.<br \/>Ez\u00fattal t\u00e1j\u00e9koztat\u00e1st adunk azokr\u00f3l az alapelvekr\u0151l, amelyeket az inform\u00e1ci\u00f3 gy\u0171jt\u00e9s, feldolgoz\u00e1s \u00e9s felhaszn\u00e1l\u00e1s sor\u00e1n alkalmazunk. Ez az adatkezel\u00e9si politika minden\u00a0<b>MedTracS<\/b>\u00a0weboldalra vonatkozik, amelyet a Szeged Software Zrt. \u00e9s az Optima.Systems Sp. z o.o. hat\u00e1sk\u00f6r\u00e9be tartozik \u2013 a tov\u00e1bbiakban\u00a0<b>MedTracS<\/b>\u00a0webhelyek.<\/p><p>Az adatkezel\u00e9si politik\u00e1nk kialak\u00edt\u00e1s\u00e1n\u00e1l figyelembe vett\u00fck a szakmai \u00e9s az alkalmazand\u00f3 t\u00f6rv\u00e9nyeket, jogszab\u00e1lyokat, k\u00fcl\u00f6n\u00f6s tekintettel a k\u00f6vetkez\u0151kre:<\/p><p>&#8211; az elektronikus szolg\u00e1ltat\u00e1sok ny\u00fajt\u00e1s\u00e1r\u00f3l sz\u00f3l\u00f3, 2002. j\u00falius 18-i (PL) t\u00f6rv\u00e9ny, azaz a 2013. \u00e9vi t\u00f6rv\u00e9nynyilv\u00e1ntart\u00e1s, 1422 t\u00e9tel, k\u00e9s\u0151bbi m\u00f3dos\u00edt\u00e1sokkal;<\/p><p>&#8211; a 2004. j\u00falius 16-i t\u00e1vk\u00f6zl\u00e9si t\u00f6rv\u00e9ny (PL), azaz a 2014. \u00e9vi t\u00f6rv\u00e9ny 243. t\u00e9tele a k\u00e9s\u0151bbi m\u00f3dos\u00edt\u00e1sokkal;<\/p><p>&#8211; a 2011. \u00e9vi CXII. t\u00f6rv\u00e9ny (HU) az inform\u00e1ci\u00f3s \u00f6nrendelkez\u00e9si jogr\u00f3l \u00e9s az inform\u00e1ci\u00f3szabads\u00e1gr\u00f3l;<\/p><p>&#8211; Az Eur\u00f3pai Parlament \u00e9s a Tan\u00e1cs (EU) 2016\/679 rendelete (2016. \u00e1prilis 27.) a term\u00e9szetes szem\u00e9lyek v\u00e9delm\u00e9r\u0151l a szem\u00e9lyes adatok feldolgoz\u00e1sa sor\u00e1n \u00e9s az ilyen adatok szabad \u00e1raml\u00e1s\u00e1r\u00f3l, valamint a 95\/46 \/ ir\u00e1nyelv hat\u00e1lyon k\u00edv\u00fcl helyez\u00e9s\u00e9r\u0151l EK (\u00e1ltal\u00e1nos adatv\u00e9delmi rendelet), EU rendelet 119\/1.<\/p><p>A jelenlegi \u00e9s a potenci\u00e1lis \u00fcgyfelek \u00e1ltal a\u00a0<b>MedTracS<\/b>\u00a0weboldalakon kereszt\u00fcl megadott szem\u00e9lyes adatoknak a Szeged Software Zrt. (sz\u00e9khelye: 6726 Szeged, K\u00f6z\u00e9p fasor 1-3., Magyarorsz\u00e1g) \u00e9s az Optima.Systems Sp. z o.o. (sz\u00e9khelye: Zwyciestwa 14\/105 St. Gliwice, Lengyelorsz\u00e1g) a kezel\u0151je \u00e9s feldolgoz\u00f3ja abb\u00f3l a c\u00e9lb\u00f3l, hogy term\u00e9keket \u00e9s szolg\u00e1ltat\u00e1sokat ny\u00fajtson. A megosztott adatokat a k\u00f6zz\u00e9t\u00e9tel c\u00e9lj\u00e1nak el\u00e9r\u00e9s\u00e9hez sz\u00fcks\u00e9ges ideig t\u00e1rolj\u00e1k, \u00e9s dolgozz\u00e1k fel, hacsak a t\u00f6rv\u00e9ny m\u00e1sk\u00e9nt nem rendelkezik. Ha a\u00a0<b>MedTracS<\/b>\u00a0webhelyek felhaszn\u00e1l\u00f3ja beleegyez\u00e9s\u00e9t adja, akkor az \u00e1ltala szolg\u00e1ltatott inform\u00e1ci\u00f3k, bele\u00e9rtve szem\u00e9lyes adatai, felhaszn\u00e1lhat\u00f3k kereskedelmi \u00e9s marketing c\u00e9lokra. A felhaszn\u00e1l\u00f3 hozz\u00e1j\u00e1rul\u00e1s\u00e1val elfogadja, hogy a kereskedelmi \u00e9s marketing inform\u00e1ci\u00f3k k\u00fcldhet\u0151k sz\u00e1m\u00e1ra.<\/p><p>A jelenlegi \u00e9s a potenci\u00e1lis \u00fcgyfelek szem\u00e9lyes adatait csak akkor lehet hozz\u00e1f\u00e9rhet\u0151v\u00e9 tenni a Szeged Software Zrt. \u00e9s az Optima.Systems Sp. z o.o. k\u00f6zrem\u0171k\u00f6d\u00e9s\u00e9vel m\u0171k\u00f6d\u0151 szervezetek sz\u00e1m\u00e1ra, ha kor\u00e1bban hozz\u00e1j\u00e1rultak ahhoz, \u00e9s csak a hozz\u00e1j\u00e1rul\u00e1sban megjel\u00f6lt c\u00e9lokra.<\/p><p>A Szeged Software Zrt-nek \u00e9s a Optima.Systems Sp. z o.o.-nak a\u00a0<b>MedTracS<\/b>\u00a0felhaszn\u00e1l\u00f3k szem\u00e9lyes adatainak feldolgoz\u00e1sa eset\u00e9n jog\u00e1ban \u00e1ll megvizsg\u00e1lni \u00e9s ellen\u0151rizni azokat, \u00e9sk\u00e9rni az adatok kieg\u00e9sz\u00edt\u00e9s\u00e9t, friss\u00edt\u00e9s\u00e9t, jav\u00edt\u00e1s\u00e1t vagy t\u00f6rl\u00e9s\u00e9t abban az esetben, ha megszerz\u00e9s\u00fck c\u00e9lja adott, \u00e9s azt a t\u00f6rv\u00e9ny megengedi, valamint jogosult a felhaszn\u00e1l\u00f3k szem\u00e9lyes adatainak marketing c\u00e9l\u00fa feldolgoz\u00e1s\u00e1ra. A MedTracS felhaszn\u00e1l\u00f3nak b\u00e1rmikor jog\u00e1ban \u00e1ll k\u00e9rni a feldolgoz\u00e1s megsz\u00fcntet\u00e9s\u00e9t, azaz szem\u00e9lyes adatainak t\u00f6rl\u00e9s\u00e9t \u2013 ennek lehet\u0151s\u00e9ge az adat gy\u0171jt\u00e9sekor biztos\u00edtott.<\/p><p>A\u00a0<b>MedTracS<\/b>\u00a0webhelyek linkeket tartalmazhatnak m\u00e1s szervezetek webhelyeire. A Szeged Software Zrt. \u00e9s az Optima.Systems Sp. z o.o. nincsenek hat\u00e1ssal az ezen szervezetek \u00e1ltal \u00fczemeltetett webhelyek tartalm\u00e1ra, webhelyeik adatv\u00e9delmi politik\u00e1j\u00e1ra, \u00e9s nem v\u00e1llalnak felel\u0151ss\u00e9get azok\u00e9rt.<\/p><p>B\u00e1rmilyen k\u00e9rd\u00e9s eset\u00e9n k\u00e9rj\u00fck, k\u00fcldje el k\u00e9rd\u00e9s\u00e9t a szegedsw@szegedsw.hu \u00e9s\/vagy az info@optima.systems e-mail c\u00edmeinkre.<\/p>\t\t\t\t\t\t\t\t<\/div>\n\t\t\t\t<\/div>\n\t\t\t\t<div class=\"elementor-element elementor-element-c70dbbf ob-harakiri-inherit ob-has-background-overlay elementor-widget elementor-widget-text-editor\" data-id=\"c70dbbf\" data-element_type=\"widget\" data-e-type=\"widget\" data-settings=\"{&quot;_ob_use_harakiri&quot;:&quot;yes&quot;,&quot;_ob_harakiri_writing_mode&quot;:&quot;inherit&quot;,&quot;_ob_postman_use&quot;:&quot;no&quot;,&quot;_ob_widget_stalker_use&quot;:&quot;no&quot;,&quot;_ob_poopart_use&quot;:&quot;yes&quot;,&quot;_ob_shadough_use&quot;:&quot;no&quot;,&quot;_ob_allow_hoveranimator&quot;:&quot;no&quot;}\" data-no-translation=\"\" data-widget_type=\"text-editor.default\">\n\t\t\t\t<div class=\"elementor-widget-container\">\n\t\t\t\t\t<style>.elementor-element-c70dbbf{display:none !important}<\/style>\t\t\t\t<\/div>\n\t\t\t\t<\/div>\n\t\t\t\t<div class=\"elementor-element elementor-element-4a01e5c ob-harakiri-inherit ob-has-background-overlay elementor-widget elementor-widget-heading\" data-id=\"4a01e5c\" data-element_type=\"widget\" data-e-type=\"widget\" data-settings=\"{&quot;_ob_use_harakiri&quot;:&quot;yes&quot;,&quot;_ob_harakiri_writing_mode&quot;:&quot;inherit&quot;,&quot;_ob_harakiri_text_clip&quot;:&quot;none&quot;,&quot;_ob_widget_stalker_use&quot;:&quot;no&quot;,&quot;_ob_poopart_use&quot;:&quot;yes&quot;,&quot;_ob_shadough_use&quot;:&quot;no&quot;,&quot;_ob_allow_hoveranimator&quot;:&quot;no&quot;}\" data-widget_type=\"heading.default\">\n\t\t\t\t<div class=\"elementor-widget-container\">\n\t\t\t\t\t<h3 class=\"elementor-heading-title elementor-size-default\">A s\u00fctik haszn\u00e1lat\u00e1nak ir\u00e1nyelve a MedTracS webhelyeken<\/h3>\t\t\t\t<\/div>\n\t\t\t\t<\/div>\n\t\t\t\t<div class=\"elementor-element elementor-element-9da71f5 ob-harakiri-inherit ob-has-background-overlay elementor-widget elementor-widget-text-editor\" data-id=\"9da71f5\" data-element_type=\"widget\" data-e-type=\"widget\" data-settings=\"{&quot;_ob_use_harakiri&quot;:&quot;yes&quot;,&quot;_ob_harakiri_writing_mode&quot;:&quot;inherit&quot;,&quot;_ob_postman_use&quot;:&quot;no&quot;,&quot;_ob_widget_stalker_use&quot;:&quot;no&quot;,&quot;_ob_poopart_use&quot;:&quot;yes&quot;,&quot;_ob_shadough_use&quot;:&quot;no&quot;,&quot;_ob_allow_hoveranimator&quot;:&quot;no&quot;}\" data-widget_type=\"text-editor.default\">\n\t\t\t\t<div class=\"elementor-widget-container\">\n\t\t\t\t\t\t\t\t\t<p>A MedTracS weboldalai s\u00fctiket haszn\u00e1lhatnak. A s\u00fctik k\u00fcl\u00f6nf\u00e9le inform\u00e1ci\u00f3kat tartalmaz\u00f3 f\u00e1jlok, amelyeket a webhely felkeres\u00e9sekor az \u00f6n eszk\u00f6z\u00e9n ment\u00e9sre ker\u00fclnek. A s\u00fctik lehet\u0151v\u00e9 teszik a webhelyek m\u0171k\u00f6d\u00e9s\u00e9nek a felhaszn\u00e1l\u00f3i preferenci\u00e1khoz t\u00f6rt\u00e9n\u0151 igaz\u00edt\u00e1s\u00e1t. A s\u00fctiknek k\u00f6sz\u00f6nhet\u0151en elemezni lehet a MedTracS webhelyek legl\u00e1togatottabb oldalait \u00e9s a felhaszn\u00e1l\u00f3k viselked\u00e9s\u00e9t. A s\u00fctik lehet\u0151v\u00e9 teszik sz\u00e1munkra, hogy megm\u00e9rj\u00fck kereskedelmi tev\u00e9kenys\u00e9geink hat\u00e9konys\u00e1g\u00e1t, \u00e9s adapt\u00e1ljuk aj\u00e1nlatunkat a c\u00edmzettek egy meghat\u00e1rozott csoportj\u00e1ra. A s\u00fctik lehet\u0151v\u00e9 teszik sz\u00e1munkra a MedTracS webhelyek folyamatos fejleszt\u00e9s\u00e9t, valamint haszn\u00e1latuk egyszer\u0171 \u00e9s felhaszn\u00e1l\u00f3bar\u00e1t kialak\u00edt\u00e1s\u00e1t.<\/p><p>A s\u00fctik semmilyen m\u00f3don nem teszik lehet\u0151v\u00e9 a MedTracS webhelyeket l\u00e1togat\u00f3 szem\u00e9ly szem\u00e9lyazonoss\u00e1g\u00e1nak azonos\u00edt\u00e1s\u00e1t, nem dolgozz\u00e1k fel a szem\u00e9lyes adatokat, \u00e9s nem okoznak v\u00e1ltoz\u00e1st a webhely l\u00e1togat\u00f3j\u00e1nak eszk\u00f6z\u00e9ben \u00e9s az arra telep\u00edtett szoftverekben.<\/p><p>A MedTracS webhelyek a k\u00f6vetkez\u0151 c\u00e9lokb\u00f3l haszn\u00e1lnak s\u00fcti f\u00e1jlokat:<\/p><p>\u2212 lehet\u0151v\u00e9 teszik a felhaszn\u00e1l\u00f3 sz\u00e1m\u00e1ra a MedTracS webhelyek funkcionalit\u00e1s\u00e1nak alap- \u00e9s kiterjesztett haszn\u00e1lat\u00e1t;<\/p><p>\u2212 k\u00fcl\u00f6nb\u00f6z\u0151 szolg\u00e1ltat\u00e1sokat biztos\u00edtanak;<\/p><p>\u2212 adapt\u00e1lj\u00e1k az oldalak tartalm\u00e1t a MedTracS felhaszn\u00e1l\u00f3 eszk\u00f6z\u00e9hez, t\u00e1rolj\u00e1k az egyes be\u00e1ll\u00edt\u00e1sokat \u00e9s optimaliz\u00e1lj\u00e1k a webhelyek haszn\u00e1lat\u00e1t;<\/p><p>\u2212 biztos\u00edtj\u00e1k a webhelyek haszn\u00e1lat\u00e1nak biztons\u00e1g\u00e1t;<\/p><p>\u2212 n\u00e9vtelen, \u00f6sszes\u00edtett statisztikai adatokat hoznak l\u00e9tre a webhelyek m\u0171k\u00f6d\u00e9s\u00e9nek jav\u00edt\u00e1sa \u00e9rdek\u00e9ben; \u00e9s<\/p><p>\u2212 el\u0151k\u00e9sz\u00edtik a kereskedelmi tev\u00e9kenys\u00e9get, valamint a term\u00e9kek \u00e9s szolg\u00e1ltat\u00e1sok k\u00edn\u00e1lat\u00e1t, \u00e9s azok adapt\u00e1l\u00e1s\u00e1t a jelenlegi vagy potenci\u00e1lis vev\u0151k meghat\u00e1rozott csoportj\u00e1ra.<\/p><p>A MedTracS webhelyek az al\u00e1bbi t\u00edpus\u00fa s\u00fctiket haszn\u00e1lj\u00e1k:<\/p><p>Ideiglenes munkamenet-s\u00fctik \u2013 addig maradnak a webb\u00f6ng\u00e9sz\u0151ben, am\u00edg ki nem kapcsolj\u00e1k, vagy amikor kil\u00e9pnek vagy kijelentkeznek azon a webhelyen, amelyen kik\u00fcldt\u00e9k \u0151ket. Ezek els\u0151sorban azok a s\u00fctik, amelyek a webhely \u00e9s annak funkcionalit\u00e1s\u00e1nak helyes \u00e9s biztons\u00e1gos haszn\u00e1lat\u00e1nak biztos\u00edt\u00e1s\u00e1hoz sz\u00fcks\u00e9gesek. Az ilyen t\u00edpus\u00fa s\u00fctik nem gy\u0171jtenek inform\u00e1ci\u00f3kat marketing c\u00e9lokra.<\/p><p>\u00c1lland\u00f3 s\u00fctik - a webhelyet l\u00e1togat\u00f3 szem\u00e9ly k\u00e9sz\u00fcl\u00e9k\u00e9nek b\u00f6ng\u00e9sz\u0151j\u00e9ben maradnak mindaddig, am\u00edg a felhaszn\u00e1l\u00f3 nem t\u00f6rli \u0151ket, vagy egy el\u0151re meghat\u00e1rozott ideig, amelyet a s\u00fcti f\u00e1jl param\u00e9terei meghat\u00e1roznak.<\/p><p>A b\u00f6ng\u00e9sz\u0151k alap\u00e9rtelmezett be\u00e1ll\u00edt\u00e1sai \u00e1ltal\u00e1ban lehet\u0151v\u00e9 teszik a s\u00fctik haszn\u00e1lat\u00e1t \u00e9s elhelyez\u00e9s\u00e9t. A webb\u00f6ng\u00e9sz\u0151t \u00fagy konfigur\u00e1lhatjuk, hogy a s\u00fcti f\u00e1jl minden egyes elhelyez\u00e9se el\u0151tt megjelenjen egy megfelel\u0151 \u00fczenet. A felhaszn\u00e1l\u00f3 teljes m\u00e9rt\u00e9kben blokkolhatja a s\u00fctik haszn\u00e1lat\u00e1t is. Ez mag\u00e1ban foglalja a MedTracS webhelyek helyes m\u0171k\u00f6d\u00e9s\u00e9nek teljes vagy r\u00e9szleges letilt\u00e1s\u00e1t.<\/p><p>Annak \u00e9rdek\u00e9ben, hogy megv\u00e1ltoztathassuk a b\u00f6ng\u00e9sz\u0151k s\u00fctikkel kapcsolatos be\u00e1ll\u00edt\u00e1sait, az al\u00e1bbiakban megadjuk a legn\u00e9pszer\u0171bb b\u00f6ng\u00e9sz\u0151k erre vonatkoz\u00f3 utas\u00edt\u00e1sait \u00e9s a v\u00e1ltoztat\u00e1sok elv\u00e9gz\u00e9s\u00e9vel kapcsolatos inform\u00e1ci\u00f3kat tartalmaz\u00f3 linkeket:<\/p><p>&#8211; Google Chrome <a href=\"https:\/\/support.google.com\/chrome\/answer\/95647?hl=en\" target=\"_blank\" rel=\"noopener\">https:\/\/support.google.com\/chrome\/answer\/95647?hl=en<\/a><\/p><p>&#8211; Firefox <a href=\"https:\/\/support.mozilla.org\/en-US\/kb\/cookies-information-websites-store-on-your-computer\" target=\"_blank\" rel=\"noopener\">https:\/\/support.mozilla.org\/en-US\/kb\/cookies-information-websites-store-on-your-computer<\/a><\/p><p>&#8211; Internet Explorer <a href=\"https:\/\/support.microsoft.com\/en-us\/help\/17442\/windows-internet-explorer-delete-manage-cookies\" target=\"_blank\" rel=\"noopener\">https:\/\/support.microsoft.com\/en-us\/help\/17442\/windows-internet-explorer-delete-manage-cookies<\/a><\/p><p>&#8211; Opera <a href=\"https:\/\/blogs.opera.com\/news\/2015\/08\/how-to-manage-cookies-in-opera\/\" target=\"_blank\" rel=\"noopener\">https:\/\/blogs.opera.com\/news\/2015\/08\/how-to-manage-cookies-in-opera\/<\/a><\/p><p>&#8211; Safari <a href=\"https:\/\/support.apple.com\/en-gb\/guide\/safari\/manage-cookies-and-website-data-sfri11471\/mac\" target=\"_blank\" rel=\"noopener\">https:\/\/support.apple.com\/en-gb\/guide\/safari\/manage-cookies-and-website-data-sfri11471\/mac<\/a><\/p><p>Ha a felhaszn\u00e1l\u00f3 nem v\u00e1ltoztatja meg a cookie-be\u00e1ll\u00edt\u00e1sokat, az azt jelenti, hogy beker\u00fclnek a felhaszn\u00e1l\u00f3 v\u00e9gberendez\u00e9s\u00e9be, \u00e9s \u00edgy az Optima.Systems Sp. z o.o. \u00e9s Szeged Software Zrt. inform\u00e1ci\u00f3kat t\u00e1rol a felhaszn\u00e1l\u00f3 v\u00e9gk\u00e9sz\u00fcl\u00e9k\u00e9n, \u00e9s hozz\u00e1f\u00e9r hozz\u00e1.<\/p><p>Ha t\u00f6bbet szeretne tudni a s\u00fctikr\u0151l, k\u00e9rj\u00fck, olvassa el a k\u00f6vetkez\u0151 weboldalt vagy a t\u00e9m\u00e1t le\u00edr\u00f3 egy\u00e9b webhelyeket:<\/p><p><a href=\"http:\/\/www.allaboutcookies.org\/\" target=\"_blank\" rel=\"noopener\">http:\/\/www.allaboutcookies.org\/<\/a><\/p><p>B\u00e1rmilyen k\u00e9rd\u00e9se vagy k\u00e9rd\u00e9se van, k\u00e9rj\u00fck, \u00edrjon az al\u00e1bbi e-mail c\u00edmek egyik\u00e9re:<\/p><p>info@optima.systems and szegedsw@szegedsw.hu<\/p><p><br \/>A szem\u00e9lyes adatok v\u00e9delm\u00e9vel kapcsolatos k\u00e9rd\u00e9seit k\u00e9rj\u00fck, k\u00fcldje el e-mailben az info@optima.systems \u00e9s\/vagy a szegedsw@szegedsw.hu e-mail c\u00edmre, vagy h\u00edvjon benn\u00fcnket a (+48) 32 743 61 70 vagy a (+36) 62 55 44 70 telefonsz\u00e1mon.<\/p>\t\t\t\t\t\t\t\t<\/div>\n\t\t\t\t<\/div>\n\t\t\t\t\t<\/div>\n\t\t\t\t<\/div>\n\t\t\t\t<\/div>","protected":false},"excerpt":{"rendered":"<p>Privacy Policy Optima.Systems Sp. z o.o. and Szeged Software Zrt. ensure the utmost diligence with respect to protecting the privacy of current and potential customers using the MedTracS websites. Hereby we provide information regarding the principles of collection, processing and use by Optima.Systems Sp. z o.o. and Szeged Software Zrt. information about users of the [&hellip;]<\/p>\n","protected":false},"author":1,"featured_media":0,"parent":0,"menu_order":0,"comment_status":"closed","ping_status":"closed","template":"","meta":{"footnotes":""},"class_list":["post-66","page","type-page","status-publish","hentry"],"_links":{"self":[{"href":"https:\/\/medtracs.eu\/hu\/wp-json\/wp\/v2\/pages\/66","targetHints":{"allow":["GET"]}}],"collection":[{"href":"https:\/\/medtracs.eu\/hu\/wp-json\/wp\/v2\/pages"}],"about":[{"href":"https:\/\/medtracs.eu\/hu\/wp-json\/wp\/v2\/types\/page"}],"author":[{"embeddable":true,"href":"https:\/\/medtracs.eu\/hu\/wp-json\/wp\/v2\/users\/1"}],"replies":[{"embeddable":true,"href":"https:\/\/medtracs.eu\/hu\/wp-json\/wp\/v2\/comments?post=66"}],"version-history":[{"count":0,"href":"https:\/\/medtracs.eu\/hu\/wp-json\/wp\/v2\/pages\/66\/revisions"}],"wp:attachment":[{"href":"https:\/\/medtracs.eu\/hu\/wp-json\/wp\/v2\/media?parent=66"}],"curies":[{"name":"wp","href":"https:\/\/api.w.org\/{rel}","templated":true}]}}