{"id":66,"date":"2022-12-01T15:13:39","date_gmt":"2022-12-01T14:13:39","guid":{"rendered":"https:\/\/medtracs.eu\/?page_id=66"},"modified":"2023-01-08T11:07:47","modified_gmt":"2023-01-08T10:07:47","slug":"privacy-policy","status":"publish","type":"page","link":"https:\/\/medtracs.eu\/pl\/privacy-policy\/","title":{"rendered":"Polityka prywatno\u015bci"},"content":{"rendered":"<div data-elementor-type=\"wp-page\" data-elementor-id=\"66\" class=\"elementor elementor-66\" data-elementor-post-type=\"page\">\n\t\t\t\t<div class=\"elementor-element elementor-element-7f821f6 e-flex e-con-boxed e-con e-parent\" data-id=\"7f821f6\" data-element_type=\"container\" data-e-type=\"container\" data-settings=\"{&quot;background_background&quot;:&quot;classic&quot;,&quot;_ob_use_container_extras&quot;:&quot;no&quot;,&quot;_ob_column_hoveranimator&quot;:&quot;no&quot;,&quot;_ob_glider_is_slider&quot;:&quot;no&quot;,&quot;_ob_column_has_pseudo&quot;:&quot;no&quot;}\">\n\t\t\t\t\t<div class=\"e-con-inner\">\n\t\t\t\t<div class=\"elementor-element elementor-element-cd279ed ob-harakiri-inherit ob-has-background-overlay elementor-widget elementor-widget-heading\" data-id=\"cd279ed\" data-element_type=\"widget\" data-e-type=\"widget\" data-settings=\"{&quot;_ob_use_harakiri&quot;:&quot;yes&quot;,&quot;_ob_harakiri_writing_mode&quot;:&quot;inherit&quot;,&quot;_ob_harakiri_text_clip&quot;:&quot;none&quot;,&quot;_ob_widget_stalker_use&quot;:&quot;no&quot;,&quot;_ob_poopart_use&quot;:&quot;yes&quot;,&quot;_ob_shadough_use&quot;:&quot;no&quot;,&quot;_ob_allow_hoveranimator&quot;:&quot;no&quot;}\" data-widget_type=\"heading.default\">\n\t\t\t\t<div class=\"elementor-widget-container\">\n\t\t\t\t\t<h2 class=\"elementor-heading-title elementor-size-default\">Polityka prywatno\u015bci<\/h2>\t\t\t\t<\/div>\n\t\t\t\t<\/div>\n\t\t\t\t\t<\/div>\n\t\t\t\t<\/div>\n\t\t<div class=\"elementor-element elementor-element-2e99e54 e-flex e-con-boxed e-con e-parent\" data-id=\"2e99e54\" data-element_type=\"container\" data-e-type=\"container\" data-settings=\"{&quot;_ob_use_container_extras&quot;:&quot;no&quot;,&quot;_ob_column_hoveranimator&quot;:&quot;no&quot;,&quot;_ob_glider_is_slider&quot;:&quot;no&quot;,&quot;_ob_column_has_pseudo&quot;:&quot;no&quot;}\">\n\t\t\t\t\t<div class=\"e-con-inner\">\n\t\t\t\t<div class=\"elementor-element elementor-element-87aac78 ob-harakiri-inherit ob-has-background-overlay elementor-widget elementor-widget-text-editor\" data-id=\"87aac78\" data-element_type=\"widget\" data-e-type=\"widget\" data-settings=\"{&quot;_ob_use_harakiri&quot;:&quot;yes&quot;,&quot;_ob_harakiri_writing_mode&quot;:&quot;inherit&quot;,&quot;_ob_postman_use&quot;:&quot;no&quot;,&quot;_ob_widget_stalker_use&quot;:&quot;no&quot;,&quot;_ob_poopart_use&quot;:&quot;yes&quot;,&quot;_ob_shadough_use&quot;:&quot;no&quot;,&quot;_ob_allow_hoveranimator&quot;:&quot;no&quot;}\" data-no-translation=\"\" data-widget_type=\"text-editor.default\">\n\t\t\t\t<div class=\"elementor-widget-container\">\n\t\t\t\t\t<style>.elementor-element-87aac78{display:none !important}<\/style>\t\t\t\t<\/div>\n\t\t\t\t<\/div>\n\t\t\t\t<div class=\"elementor-element elementor-element-6670f0e ob-harakiri-inherit ob-has-background-overlay elementor-widget elementor-widget-text-editor\" data-id=\"6670f0e\" data-element_type=\"widget\" data-e-type=\"widget\" data-settings=\"{&quot;_ob_use_harakiri&quot;:&quot;yes&quot;,&quot;_ob_harakiri_writing_mode&quot;:&quot;inherit&quot;,&quot;_ob_postman_use&quot;:&quot;no&quot;,&quot;_ob_widget_stalker_use&quot;:&quot;no&quot;,&quot;_ob_poopart_use&quot;:&quot;yes&quot;,&quot;_ob_shadough_use&quot;:&quot;no&quot;,&quot;_ob_allow_hoveranimator&quot;:&quot;no&quot;}\" data-no-translation=\"\" data-widget_type=\"text-editor.default\">\n\t\t\t\t<div class=\"elementor-widget-container\">\n\t\t\t\t\t<style>.elementor-element-6670f0e{display:none !important}<\/style>\t\t\t\t<\/div>\n\t\t\t\t<\/div>\n\t\t\t\t<div class=\"elementor-element elementor-element-c70dbbf ob-harakiri-inherit ob-has-background-overlay elementor-widget elementor-widget-text-editor\" data-id=\"c70dbbf\" data-element_type=\"widget\" data-e-type=\"widget\" data-settings=\"{&quot;_ob_use_harakiri&quot;:&quot;yes&quot;,&quot;_ob_harakiri_writing_mode&quot;:&quot;inherit&quot;,&quot;_ob_postman_use&quot;:&quot;no&quot;,&quot;_ob_widget_stalker_use&quot;:&quot;no&quot;,&quot;_ob_poopart_use&quot;:&quot;yes&quot;,&quot;_ob_shadough_use&quot;:&quot;no&quot;,&quot;_ob_allow_hoveranimator&quot;:&quot;no&quot;}\" data-no-translation=\"\" data-widget_type=\"text-editor.default\">\n\t\t\t\t<div class=\"elementor-widget-container\">\n\t\t\t\t\t\t\t\t\t<p>Optima.Systems Sp. z o.o. i Szeged Software Zrt. dok\u0142adaj\u0105 najwy\u017cszej staranno\u015bci w zakresie ochrony prywatno\u015bci obecnych i potencjalnych Klient\u00f3w korzystaj\u0105cych z witryn internetowych MedTracS. Niniejszym przekazujemy informacje dotycz\u0105ce zasad gromadzenia, przetwarzania i wykorzystywania przez Optima.Systems Sp. z o.o. i Szeged Software Zrt. informacji o u\u017cytkownikach witryn internetowych MedTracS. Niniejsza Polityka obowi\u0105zuje w stosunku do wszystkich witryn internetowych MedTracS b\u0119d\u0105cych w\u0142asno\u015bci\u0105 i prowadzonych przez Optima.Systems Sp. z o.o. i Szeged Software Zrt., zwanych dalej witrynami internetowymi MedTracS.<\/p><p>Optima.Systems Sp. z o.o. i Szeged Software Zrt. dok\u0142adaj\u0105 najwy\u017cszej staranno\u015bci w zakresie profesjonalnego i zgodnego z obowi\u0105zuj\u0105cymi przepisami prawa funkcjonowania witryn internetowych MedTracS, w szczeg\u00f3lno\u015bci w zakresie przepis\u00f3w prawa chroni\u0105cych prywatno\u015b\u0107 u\u017cytkownik\u00f3w witryn internetowych, min.:<\/p><p>&#8211; Ustawa z dnia 18 lipca 2002 r. o \u015bwiadczeniu us\u0142ug drog\u0105 elektroniczn\u0105, t.j. Dz.U. z 2013 poz. 1422 z p\u00f3\u017aniejszymi zmianami;\u00a0<\/p><p>&#8211; Ustawa z dnia 16 lipca 2004 r. Prawo telekomunikacyjne, t. j. Dz.U. z 2014 poz. 243 z p\u00f3\u017aniejszymi zmianami; oraz<\/p><p>&#8211; Rozporz\u0105dzenie Parlamentu Europejskiego i Rady (UE) 2016\/679 z dnia 27 kwietnia 2016 r. w sprawie ochrony os\u00f3b fizycznych w zwi\u0105zku z przetwarzaniem danych osobowych i w sprawie swobodnego przep\u0142ywu takich danych oraz uchylenia dyrektywy 95\/46\/WE. Dz.Urz.UE. L. 2016\u00a0 Nr 119\/1.<\/p><p>Optima.Systems Sp. z o.o. z siedzib\u0105 w Gliwicach, przy ul. Zwyci\u0119stwa 14 \/ 105 i Szeged Software Zrt. z siedzib\u0105 w Szeged, przy ul Kozep fasor 1-3, W\u0119gry, s\u0105 administratorem danych osobowych, w rozumieniu przepis\u00f3w Ustawy z dnia 29 sierpnia 1997 r. o ochronie danych osobowych (Dz. U. 2002 r. Nr 101 , poz. 926 ze zm.) i przetwarzaj\u0105 dotycz\u0105ce Pa\u0144stwa dane osobowe pozyskane m.in. za po\u015brednictwem witryn internetowych MedTracS.<\/p><p>Optima.Systems Sp. z o.o. i Szeged Software Zrt. informuj\u0105, \u017ce przetwarzaj\u0105 dane osobowe obecnych i potencjalnych Klient\u00f3w w celu oferowania produkt\u00f3w i us\u0142ug. Udost\u0119pnione dane b\u0119d\u0105 przetwarzane przez czas niezb\u0119dny do zrealizowania celu udost\u0119pnienia, chyba \u017ce przepisy prawa stanowi\u0105 inaczej.<\/p><p>Informacje udost\u0119pnione przez u\u017cytkownika witryn internetowych MedTracS, w tym jego dane osobowe, mog\u0105 by\u0107 wykorzystane do cel\u00f3w handlowych i marketingowych, je\u015bli u\u017cytkownik wyrazi na to zgod\u0119. Zgoda u\u017cytkownika jest r\u00f3wnoznaczna z akceptacj\u0105 otrzymywania informacji handlowych i marketingowych.<\/p><p>W sytuacji, w kt\u00f3rej osoba korzystaj\u0105ca z witryn internetowych MedTracS ujawni w formularzu kontaktu lub w inny spos\u00f3b dane osobowe osoby trzeciej, uznaje si\u0119, i\u017c dysponuje ona stosownym zezwoleniem tej osoby, kt\u00f3rej dane ujawni\u0142a.<\/p><p>Dane osobowe obecnych i potencjalnych Klient\u00f3w mog\u0105 zosta\u0107 udost\u0119pnione podmiotom wsp\u00f3\u0142pracuj\u0105cym z Optima.Systems Sp. z o.o. i Szeged Software Zrt. jedynie w sytuacji, gdy uprzednio wyra\u017c\u0105 oni na to swoj\u0105 zgod\u0119 oraz wy\u0142\u0105cznie dla cel\u00f3w wskazanych w zgodzie.\u00a0<\/p><p>Optima.Systems Sp. z o.o. i Szeged Software Zrt. informuj\u0105, \u017ce w przypadku przetwarzania Pa\u0144stwa danych osobowych przys\u0142uguje Pa\u0144stwu prawo wgl\u0105du jak i kontroli przetwarzania dotycz\u0105cych Pa\u0144stwa danych oraz \u017c\u0105dania ich uzupe\u0142nienia, uaktualnienia, sprostowania lub usuni\u0119cia danych, w przypadku, gdy cel dla kt\u00f3rego zosta\u0142y pozyskane zi\u015bci\u0142 si\u0119 oraz zezwalaj\u0105 na to przepisy, a tak\u017ce prawo sprzeciwu wobec przetwarzania Pa\u0144stwa danych osobowych dla cel\u00f3w marketingowych. W ka\u017cdym czasie przys\u0142uguje Pa\u0144stwu prawo do \u017c\u0105dania zaprzestania przetwarzania, tj. usuni\u0119cia Pa\u0144stwa danych osobowych &#8211; forma z\u0142o\u017cenia tego \u017c\u0105dania podana jest przy zbieraniu tych danych.<\/p><p>Witryny internetowe MedTracS mog\u0105 zawiera\u0107 linki do stron internetowych innych podmiot\u00f3w. Optima.Systems Sp. z o.o. i Szeged Software Zrt. nie maj\u0105 wp\u0142ywu na zawarto\u015b\u0107 prowadzonych przez te podmioty stron internetowych, polityk\u0119 prywatno\u015bci ich stron internetowych i nie ponosz\u0105 za ni\u0105 odpowiedzialno\u015bci.<\/p><p>W przypadku jakichkolwiek w\u0105tpliwo\u015bci, prosimy skierowa\u0107 zapytanie na nasz adres mailowy info@optima.systems i szegedsw@szegedsw.hu<\/p>\t\t\t\t\t\t\t\t<\/div>\n\t\t\t\t<\/div>\n\t\t\t\t<div class=\"elementor-element elementor-element-4a01e5c ob-harakiri-inherit ob-has-background-overlay elementor-widget elementor-widget-heading\" data-id=\"4a01e5c\" data-element_type=\"widget\" data-e-type=\"widget\" data-settings=\"{&quot;_ob_use_harakiri&quot;:&quot;yes&quot;,&quot;_ob_harakiri_writing_mode&quot;:&quot;inherit&quot;,&quot;_ob_harakiri_text_clip&quot;:&quot;none&quot;,&quot;_ob_widget_stalker_use&quot;:&quot;no&quot;,&quot;_ob_poopart_use&quot;:&quot;yes&quot;,&quot;_ob_shadough_use&quot;:&quot;no&quot;,&quot;_ob_allow_hoveranimator&quot;:&quot;no&quot;}\" data-widget_type=\"heading.default\">\n\t\t\t\t<div class=\"elementor-widget-container\">\n\t\t\t\t\t<h3 class=\"elementor-heading-title elementor-size-default\">Polityka wykorzystywania plik\u00f3w \u201ecookies\u201d w witrynach internetowych MedTracS<\/h3>\t\t\t\t<\/div>\n\t\t\t\t<\/div>\n\t\t\t\t<div class=\"elementor-element elementor-element-9da71f5 ob-harakiri-inherit ob-has-background-overlay elementor-widget elementor-widget-text-editor\" data-id=\"9da71f5\" data-element_type=\"widget\" data-e-type=\"widget\" data-settings=\"{&quot;_ob_use_harakiri&quot;:&quot;yes&quot;,&quot;_ob_harakiri_writing_mode&quot;:&quot;inherit&quot;,&quot;_ob_postman_use&quot;:&quot;no&quot;,&quot;_ob_widget_stalker_use&quot;:&quot;no&quot;,&quot;_ob_poopart_use&quot;:&quot;yes&quot;,&quot;_ob_shadough_use&quot;:&quot;no&quot;,&quot;_ob_allow_hoveranimator&quot;:&quot;no&quot;}\" data-widget_type=\"text-editor.default\">\n\t\t\t\t<div class=\"elementor-widget-container\">\n\t\t\t\t\t\t\t\t\t<p>Witryny internetowe MedTracS mog\u0105 u\u017cywa\u0107 plik\u00f3w \u201ecookies\u201d (tzw. \u201eciasteczek\u201d). Cookies to pliki zawieraj\u0105ce r\u00f3\u017cne informacje, kt\u00f3re s\u0105 zapisywane na Twoim urz\u0105dzeniu, gdy odwiedzasz stron\u0119 internetow\u0105. Pliki cookies umo\u017cliwiaj\u0105 dostosowanie dzia\u0142ania stron do preferencji u\u017cytkownik\u00f3w. Dzi\u0119ki plikom cookies mo\u017cliwa jest analiza najcz\u0119\u015bciej odwiedzanych stron witryn internetowych MedTracS oraz zachowa\u0144 u\u017cytkownik\u00f3w. Pliki cookies pozwalaj\u0105 nam na pomiar skuteczno\u015bci naszych dzia\u0142a\u0144 handlowych i dostosowanie naszej oferty do konkretnej grupy odbiorc\u00f3w. Pliki cookies pozwalaj\u0105 nam r\u00f3wnie\u017c na ci\u0105g\u0142e doskonalenie i ulepszanie witryn internetowych MedTracS, ich \u0142atwe i wygodne u\u017cytkowanie.<\/p><p>Pliki cookies nie umo\u017cliwiaj\u0105 w jakikolwiek spos\u00f3b identyfikacji to\u017csamo\u015bci osoby odwiedzaj\u0105cej witryny internetowe MedTracS, nie przetwarzaj\u0105 danych osobowych i nie powoduj\u0105 zmian konfiguracyjnych w urz\u0105dzeniu ko\u0144cowym osoby odwiedzaj\u0105cej witryn\u0119 i oprogramowaniu zainstalowanym na tym urz\u0105dzeniu.<\/p><p>Witryny internetowe MedTracS stosuj\u0105 pliki cookies w celu:<\/p><p>- umo\u017cliwienia u\u017cytkownikowi korzystania z funkcjonalno\u015bci witryn internetowych MedTracS, podstawowych i rozszerzonych;<\/p><p>- \u015bwiadczenia us\u0142ug;<\/p><p>- dostosowania zawarto\u015bci stron do urz\u0105dzenia ko\u0144cowego osoby korzystaj\u0105cej z witryn internetowych MedTracS, zapami\u0119tywania indywidualnych ustawie\u0144 i optymalizacji wykorzystania stron;<\/p><p>- zapewnienie bezpiecze\u0144stwa korzystania ze stron;<\/p><p>- tworzenia anonimowych, zbiorczych danych statystycznych w celu ulepszania funkcjonalno\u015bci stron; oraz<\/p><p>- przygotowywania dzia\u0142a\u0144 handlowych oraz oferty produkt\u00f3w i us\u0142ug, oraz ich dostosowanie do konkretnej grupy obecnych lub potencjalnych Klient\u00f3w.<\/p><p>W witrynach internetowych MedTracS stosujemy nast\u0119puj\u0105ce rodzaje plik\u00f3w cookies:<\/p><p>Tymczasowe sesyjne pliki cookies - pozostaj\u0105 w przegl\u0105darce internetowej do momentu jej wy\u0142\u0105czenia, b\u0105d\u017a wyj\u015bcia lub wylogowania si\u0119 ze strony internetowej, na kt\u00f3rej zosta\u0142y zamieszczone. S\u0105 to przede wszystkim pliki cookies niezb\u0119dne w celu zapewnienia prawid\u0142owego i bezpiecznego korzystania z witryny internetowej i jej funkcjonalno\u015bci. Ten rodzaj plik\u00f3w cookies nie zbiera informacji w celach marketingowych.<\/p><p>Sta\u0142e pliki cookies - pozostaj\u0105 w przegl\u0105darce internetowej urz\u0105dzenia ko\u0144cowego osoby odwiedzaj\u0105cej witryn\u0119 do czasu ich usuni\u0119cia przez u\u017cytkownika lub do z g\u00f3ry ustalonego czasu okre\u015blonego w parametrach pliku cookies.<\/p><p>Domy\u015blne ustawienia przegl\u0105darek internetowych najcz\u0119\u015bciej zezwalaj\u0105 na u\u017cywanie i umieszczanie w nich plik\u00f3w cookies. Istnieje mo\u017cliwo\u015b\u0107 konfiguracji przegl\u0105darki internetowej w taki spos\u00f3b, aby przed ka\u017cdym umieszczeniem pliku cookies pojawia\u0142 si\u0119 stosowny komunikat. U\u017cytkownik mo\u017ce r\u00f3wnie\u017c ca\u0142kowicie zablokowa\u0107 obs\u0142ug\u0119 plik\u00f3w cookies. Wi\u0105\u017ce si\u0119 to jednak z ca\u0142kowitym b\u0105d\u017a cz\u0119\u015bciowym uniemo\u017cliwieniem poprawnego dzia\u0142ania witryn internetowych MedTracS.<\/p><p>W celu dokonania zmiany w ustawieniach przegl\u0105darek internetowych dotycz\u0105cych plik\u00f3w cookies, poni\u017cej zamieszczamy dla Pa\u0144stwa wygody linki do instrukcji najpopularniejszych przegl\u0105darek z informacjami o sposobie przeprowadzenia stosownych zmian:<\/p><p>&#8211; Google Chrome <a href=\"https:\/\/support.google.com\/chrome\/answer\/95647?hl=en\" target=\"_blank\" rel=\"noopener\">https:\/\/support.google.com\/chrome\/answer\/95647?hl=en<\/a><\/p><p>&#8211; Firefox <a href=\"https:\/\/support.mozilla.org\/en-US\/kb\/cookies-information-websites-store-on-your-computer\" target=\"_blank\" rel=\"noopener\">https:\/\/support.mozilla.org\/en-US\/kb\/cookies-information-websites-store-on-your-computer<\/a><\/p><p>&#8211; Internet Explorer <a href=\"https:\/\/support.microsoft.com\/en-us\/help\/17442\/windows-internet-explorer-delete-manage-cookies\" target=\"_blank\" rel=\"noopener\">https:\/\/support.microsoft.com\/en-us\/help\/17442\/windows-internet-explorer-delete-manage-cookies<\/a><\/p><p>&#8211; Opera <a href=\"https:\/\/blogs.opera.com\/news\/2015\/08\/how-to-manage-cookies-in-opera\/\" target=\"_blank\" rel=\"noopener\">https:\/\/blogs.opera.com\/news\/2015\/08\/how-to-manage-cookies-in-opera\/<\/a><\/p><p>&#8211; Safari <a href=\"https:\/\/support.apple.com\/en-gb\/guide\/safari\/manage-cookies-and-website-data-sfri11471\/mac\" target=\"_blank\" rel=\"noopener\">https:\/\/support.apple.com\/en-gb\/guide\/safari\/manage-cookies-and-website-data-sfri11471\/mac<\/a><\/p><p>Brak zmiany ustawie\u0144 w zakresie plik\u00f3w cookies przez u\u017cytkownika oznacza, \u017ce b\u0119d\u0105 one zamieszczone w urz\u0105dzeniu ko\u0144cowym u\u017cytkownika, a tym samym Optima.Systems Sp. z o.o. i Szeged Software Zrt. b\u0119d\u0105 przechowywa\u0107 informacje w urz\u0105dzeniu ko\u0144cowym u\u017cytkownika i uzyskiwa\u0107 do nich dost\u0119p.<\/p><p>Je\u017celi chcesz si\u0119 dowiedzie\u0107 wi\u0119cej na temat plik\u00f3w cookies wejd\u017a na stron\u0119<\/p><p><a href=\"https:\/\/wszystkoociasteczkach.pl\/\" target=\"_blank\" rel=\"noopener\">https:\/\/wszystkoociasteczkach.pl\/<\/a><\/p><p>W przypadku jakichkolwiek zapyta\u0144 lub w\u0105tpliwo\u015bci, prosimy skierowa\u0107 je na nasz adres mailowy:<\/p><p>info@optima.systems  i  szegedsw@szegedsw.hu<\/p><p><br \/>W sprawach dotycz\u0105cych ochrony prywatno\u015bci lub ochrony danych osobowych, prosimy kierowa\u0107 zapytanie drog\u0105 e-mail na adres info@optima.systems i szegedsw@szegedsw.hu lub telefonicznie pod nr. tel.: (+48) 32 743 61 70 i (+36) 62 554 470<\/p>\t\t\t\t\t\t\t\t<\/div>\n\t\t\t\t<\/div>\n\t\t\t\t\t<\/div>\n\t\t\t\t<\/div>\n\t\t\t\t<\/div>","protected":false},"excerpt":{"rendered":"<p>Privacy Policy Optima.Systems Sp. z o.o. and Szeged Software Zrt. ensure the utmost diligence with respect to protecting the privacy of current and potential customers using the MedTracS websites. Hereby we provide information regarding the principles of collection, processing and use by Optima.Systems Sp. z o.o. and Szeged Software Zrt. information about users of the [&hellip;]<\/p>\n","protected":false},"author":1,"featured_media":0,"parent":0,"menu_order":0,"comment_status":"closed","ping_status":"closed","template":"","meta":{"footnotes":""},"class_list":["post-66","page","type-page","status-publish","hentry"],"_links":{"self":[{"href":"https:\/\/medtracs.eu\/pl\/wp-json\/wp\/v2\/pages\/66","targetHints":{"allow":["GET"]}}],"collection":[{"href":"https:\/\/medtracs.eu\/pl\/wp-json\/wp\/v2\/pages"}],"about":[{"href":"https:\/\/medtracs.eu\/pl\/wp-json\/wp\/v2\/types\/page"}],"author":[{"embeddable":true,"href":"https:\/\/medtracs.eu\/pl\/wp-json\/wp\/v2\/users\/1"}],"replies":[{"embeddable":true,"href":"https:\/\/medtracs.eu\/pl\/wp-json\/wp\/v2\/comments?post=66"}],"version-history":[{"count":0,"href":"https:\/\/medtracs.eu\/pl\/wp-json\/wp\/v2\/pages\/66\/revisions"}],"wp:attachment":[{"href":"https:\/\/medtracs.eu\/pl\/wp-json\/wp\/v2\/media?parent=66"}],"curies":[{"name":"wp","href":"https:\/\/api.w.org\/{rel}","templated":true}]}}